
{"id":104,"date":"2020-12-28T08:25:15","date_gmt":"2020-12-28T08:25:15","guid":{"rendered":"http:\/\/localhost\/wordpress\/?page_id=104"},"modified":"2021-02-15T10:19:21","modified_gmt":"2021-02-15T10:19:21","slug":"verstaendnis","status":"publish","type":"page","link":"https:\/\/supervision-mascha.at\/index.php\/verstaendnis\/","title":{"rendered":"Verst\u00e4ndnis"},"content":{"rendered":"\n<p>Mein Handeln in der <strong>Supervision <\/strong>ist eine zeitlich begrenzte und partnerschaftlich ablaufende Begleitung und Unterst\u00fctzung von Einzelpersonen, Teams, Gruppen und Organisationen. <\/p>\n\n\n\n<div class=\"wp-block-image\"><figure class=\"alignright size-large is-resized\"><img loading=\"lazy\" decoding=\"async\" src=\"https:\/\/supervision-mascha.at\/wp-content\/uploads\/DSC_6720-edited-1024x678.jpg\" alt=\"\" class=\"wp-image-333\" width=\"261\" height=\"173\" srcset=\"https:\/\/supervision-mascha.at\/wp-content\/uploads\/DSC_6720-edited-1024x678.jpg 1024w, https:\/\/supervision-mascha.at\/wp-content\/uploads\/DSC_6720-edited-300x199.jpg 300w, https:\/\/supervision-mascha.at\/wp-content\/uploads\/DSC_6720-edited-768x509.jpg 768w, https:\/\/supervision-mascha.at\/wp-content\/uploads\/DSC_6720-edited.jpg 1410w\" sizes=\"auto, (max-width: 261px) 100vw, 261px\" \/><\/figure><\/div>\n\n\n\n<p>Supervision ist die Verbindung von Berufsrolle und Person &#8230;<\/p>\n\n\n\n<ul class=\"wp-block-list\"><li>der Situation entsprechend<\/li><li>zielorientiert<\/li><li>l\u00f6sungsfocussiert und<\/li><li>auf die Erhaltung, St\u00e4rkung und Erweiterung des Bestehenden gerichtet. <\/li><\/ul>\n\n\n\n<p>Ziel der Zusammenarbeit ist es, mit Hilfe von Methoden gute L\u00f6sungen zu finden und sie im Alltag wirken zu lassen.<\/p>\n\n\n\n<p><\/p>\n\n\n\n<p><\/p>\n\n\n\n<p>Das Ziel der Gespr\u00e4che im <strong>Coaching<\/strong> reicht von der <\/p>\n\n\n\n<ul class=\"wp-block-list\"><li>Einsch\u00e4tzung und Entwicklung pers\u00f6nlicher Kompetenzen und Perspektiven \u00fcber<\/li><li>Anregungen zur Selbstreflexion bis hin zur<\/li><li>\u00dcberwindung von Konflikten in Ihrem beruflichen  Zusammenhang.<\/li><\/ul>\n\n\n\n<p><\/p>\n\n\n\n<p><\/p>\n\n\n\n<p>Die Zusammenarbeit in der <strong>Lebens- und Sozialberatung<\/strong> ist eine <\/p>\n\n\n\n<ul class=\"wp-block-list\"><li>individuelle Beratung und Begleitung<\/li><li>in jeder Lebenssituation.<\/li><\/ul>\n\n\n\n<p>Dabei unterst\u00fctze ich Sie professionell, Geist und K\u00f6rper gesund zu halten. <\/p>\n","protected":false},"excerpt":{"rendered":"<p>Mein Handeln in der Supervision ist eine zeitlich begrenzte und partnerschaftlich ablaufende Begleitung und Unterst\u00fctzung von Einzelpersonen, Teams, Gruppen und Organisationen. Supervision ist die Verbindung von Berufsrolle und Person &#8230; der Situation entsprechend zielorientiert l\u00f6sungsfocussiert und auf die Erhaltung, St\u00e4rkung und Erweiterung des Bestehenden gerichtet. Ziel der Zusammenarbeit ist es, mit Hilfe von Methoden gute &hellip; <\/p>\n<p class=\"link-more\"><a href=\"https:\/\/supervision-mascha.at\/index.php\/verstaendnis\/\" class=\"more-link\"><span class=\"screen-reader-text\">\u201eVerst\u00e4ndnis\u201c<\/span> weiterlesen<\/a><\/p>\n","protected":false},"author":1,"featured_media":0,"parent":0,"menu_order":0,"comment_status":"closed","ping_status":"closed","template":"","meta":{"footnotes":""},"class_list":["post-104","page","type-page","status-publish","hentry"],"_links":{"self":[{"href":"https:\/\/supervision-mascha.at\/index.php\/wp-json\/wp\/v2\/pages\/104","targetHints":{"allow":["GET"]}}],"collection":[{"href":"https:\/\/supervision-mascha.at\/index.php\/wp-json\/wp\/v2\/pages"}],"about":[{"href":"https:\/\/supervision-mascha.at\/index.php\/wp-json\/wp\/v2\/types\/page"}],"author":[{"embeddable":true,"href":"https:\/\/supervision-mascha.at\/index.php\/wp-json\/wp\/v2\/users\/1"}],"replies":[{"embeddable":true,"href":"https:\/\/supervision-mascha.at\/index.php\/wp-json\/wp\/v2\/comments?post=104"}],"version-history":[{"count":18,"href":"https:\/\/supervision-mascha.at\/index.php\/wp-json\/wp\/v2\/pages\/104\/revisions"}],"predecessor-version":[{"id":343,"href":"https:\/\/supervision-mascha.at\/index.php\/wp-json\/wp\/v2\/pages\/104\/revisions\/343"}],"wp:attachment":[{"href":"https:\/\/supervision-mascha.at\/index.php\/wp-json\/wp\/v2\/media?parent=104"}],"curies":[{"name":"wp","href":"https:\/\/api.w.org\/{rel}","templated":true}]}}