
{"id":34,"date":"2020-12-15T23:15:17","date_gmt":"2020-12-15T23:15:17","guid":{"rendered":"http:\/\/localhost\/wordpress\/?page_id=34"},"modified":"2021-02-16T07:58:59","modified_gmt":"2021-02-16T07:58:59","slug":"biografie","status":"publish","type":"page","link":"https:\/\/supervision-mascha.at\/index.php\/biografie\/","title":{"rendered":"Biografie"},"content":{"rendered":"\n<h2 class=\"wp-block-heading\">Maria Mascha<\/h2>\n\n\n\n<p>1958 als \u00e4lteste von drei Schwestern geboren&nbsp;bin ich&nbsp;im Kurort&nbsp;Bad Schallerbach als Unternehmertochter aufgewachsen.<\/p>\n\n\n\n<div class=\"wp-block-image\"><figure class=\"alignright size-large is-resized\"><img loading=\"lazy\" decoding=\"async\" src=\"https:\/\/supervision-mascha.at\/wp-content\/uploads\/DSC_6622-e1613383487889-840x1024.jpg\" alt=\"\" class=\"wp-image-211\" width=\"174\" height=\"211\" srcset=\"https:\/\/supervision-mascha.at\/wp-content\/uploads\/DSC_6622-e1613383487889-840x1024.jpg 840w, https:\/\/supervision-mascha.at\/wp-content\/uploads\/DSC_6622-e1613383487889-246x300.jpg 246w, https:\/\/supervision-mascha.at\/wp-content\/uploads\/DSC_6622-e1613383487889-768x936.jpg 768w, https:\/\/supervision-mascha.at\/wp-content\/uploads\/DSC_6622-e1613383487889-1260x1536.jpg 1260w, https:\/\/supervision-mascha.at\/wp-content\/uploads\/DSC_6622-e1613383487889.jpg 1443w\" sizes=\"auto, (max-width: 174px) 100vw, 174px\" \/><\/figure><\/div>\n\n\n\n<p>Nach der Matura an der&nbsp;Handelsakademie in Wels&nbsp;habe ich im Betrieb meiner Eltern und als Sekret\u00e4rin in einer Grieskirchner Maschinenfabrik gearbeitet.<br>Infolge&nbsp;eines einpr\u00e4gsamen Familienereignisses fiel die Entscheidung zur Ausbildung an der Bundesakademie f\u00fcr Sozialarbeit in Wien mit dem Diplom im Juni 1981.<\/p>\n\n\n\n<p>Anschlie\u00dfend folgte \u00fcber etliche Jahrzehnte die T\u00e4tigkeit als Bew\u00e4hrungshelferin im Rahmen der Institution <em>Neustart<\/em>&nbsp;in den Gesch\u00e4ftsstellen&nbsp;Ried im Innkreis und Wels (23 Jahre hauptamtlich und bis zum heutigen Tag als Ehrenamt).<\/p>\n\n\n\n<h3 class=\"wp-block-heading\">Weitere Ausbildungen<\/h3>\n\n\n\n<ul class=\"wp-block-list\"><li>Supervision, Coaching, Organisationsentwicklung (\u00d6VS)<\/li><li>Sozialmanagement und Groupwork<\/li><li>Teamleitung<\/li><li>Ern\u00e4hrungsberatung<\/li><\/ul>\n\n\n\n<p>\u00dcber all die Jahre arbeitete ich&nbsp;neben der Festanstellung als Supervisorin&nbsp;vorrangig&nbsp;f\u00fcr soziale, p\u00e4dagogische und berufsorientierte Einrichtungen und Organisationen.&nbsp;<\/p>\n\n\n\n<p>2007 f\u00fcllte ich \u00fcber ein Jahr lang meinen Handwerkskoffer zur Arbeit mit Systemischen Strukturaufstellungen bei Renate Daimler am Institut EAST in Wien.<\/p>\n\n\n\n<div class=\"wp-block-image\"><figure class=\"alignleft size-large is-resized\"><img loading=\"lazy\" decoding=\"async\" src=\"https:\/\/supervision-mascha.at\/wp-content\/uploads\/DSC_6624-e1613462165688-840x1024.jpg\" alt=\"\" class=\"wp-image-217\" width=\"186\" height=\"227\" srcset=\"https:\/\/supervision-mascha.at\/wp-content\/uploads\/DSC_6624-e1613462165688-840x1024.jpg 840w, https:\/\/supervision-mascha.at\/wp-content\/uploads\/DSC_6624-e1613462165688-246x300.jpg 246w, https:\/\/supervision-mascha.at\/wp-content\/uploads\/DSC_6624-e1613462165688-768x936.jpg 768w, https:\/\/supervision-mascha.at\/wp-content\/uploads\/DSC_6624-e1613462165688-1260x1536.jpg 1260w, https:\/\/supervision-mascha.at\/wp-content\/uploads\/DSC_6624-e1613462165688.jpg 1466w\" sizes=\"auto, (max-width: 186px) 100vw, 186px\" \/><\/figure><\/div>\n\n\n\n<p>Seit Mai 2018 bin ich nach einer eindrucksvollen und mein Leben bereichernden Berufslaufbahn in Pension und stelle meine Erfahrungen weiter in Supervisionen und Beratungen zur Verf\u00fcgung.<\/p>\n\n\n\n<p>Im Dezember 2019&nbsp;wurde ich nach Erf\u00fcllung aller Aufnahmebedingungen als&nbsp;Diplomierte Lebens- und Sozialberaterin&nbsp;in den Pool aufgenommen. <\/p>\n\n\n\n<p>Ich freue mich auf meine&nbsp;k\u00fcnftige T\u00e4tigkeit und auf die Zusammenarbeit mit Ihnen!<\/p>\n\n\n\n<p>Ihre Maria Mascha<\/p>\n","protected":false},"excerpt":{"rendered":"<p>Maria Mascha 1958 als \u00e4lteste von drei Schwestern geboren&nbsp;bin ich&nbsp;im Kurort&nbsp;Bad Schallerbach als Unternehmertochter aufgewachsen. Nach der Matura an der&nbsp;Handelsakademie in Wels&nbsp;habe ich im Betrieb meiner Eltern und als Sekret\u00e4rin in einer Grieskirchner Maschinenfabrik gearbeitet.Infolge&nbsp;eines einpr\u00e4gsamen Familienereignisses fiel die Entscheidung zur Ausbildung an der Bundesakademie f\u00fcr Sozialarbeit in Wien mit dem Diplom im Juni 1981. &hellip; <\/p>\n<p class=\"link-more\"><a href=\"https:\/\/supervision-mascha.at\/index.php\/biografie\/\" class=\"more-link\"><span class=\"screen-reader-text\">\u201eBiografie\u201c<\/span> weiterlesen<\/a><\/p>\n","protected":false},"author":1,"featured_media":0,"parent":0,"menu_order":0,"comment_status":"closed","ping_status":"closed","template":"","meta":{"footnotes":""},"class_list":["post-34","page","type-page","status-publish","hentry"],"_links":{"self":[{"href":"https:\/\/supervision-mascha.at\/index.php\/wp-json\/wp\/v2\/pages\/34","targetHints":{"allow":["GET"]}}],"collection":[{"href":"https:\/\/supervision-mascha.at\/index.php\/wp-json\/wp\/v2\/pages"}],"about":[{"href":"https:\/\/supervision-mascha.at\/index.php\/wp-json\/wp\/v2\/types\/page"}],"author":[{"embeddable":true,"href":"https:\/\/supervision-mascha.at\/index.php\/wp-json\/wp\/v2\/users\/1"}],"replies":[{"embeddable":true,"href":"https:\/\/supervision-mascha.at\/index.php\/wp-json\/wp\/v2\/comments?post=34"}],"version-history":[{"count":25,"href":"https:\/\/supervision-mascha.at\/index.php\/wp-json\/wp\/v2\/pages\/34\/revisions"}],"predecessor-version":[{"id":400,"href":"https:\/\/supervision-mascha.at\/index.php\/wp-json\/wp\/v2\/pages\/34\/revisions\/400"}],"wp:attachment":[{"href":"https:\/\/supervision-mascha.at\/index.php\/wp-json\/wp\/v2\/media?parent=34"}],"curies":[{"name":"wp","href":"https:\/\/api.w.org\/{rel}","templated":true}]}}